{"id":212,"date":"2023-06-05T17:45:00","date_gmt":"2023-06-05T15:45:00","guid":{"rendered":"http:\/\/newhp.notarin-leo16.de\/?page_id=212"},"modified":"2025-12-02T15:46:49","modified_gmt":"2025-12-02T14:46:49","slug":"impressum","status":"publish","type":"page","link":"https:\/\/notarin-leo16.de\/en\/impressum\/","title":{"rendered":"Imprint"},"content":{"rendered":"<h1 class=\"gb-headline gb-headline-8a3c86bf gb-headline-text\">Imprint<\/h1>\n\n\n\n<p>Info pursuant to \u00a7 6 TMG (German Telecommunications Act)<br><br>Competent supervisory authority<br>President of Munich District Court I<br>Prielmayerstra\u00dfe 7, 80335 Munich<br><br>Legal occupational title<br>Notaries<br><br>Rules and regulations governing the profession<br>www.bnotk.de<br><br>Berufskammer:<br>Landesnotarkammer Bayern<br>Ottostrasse 10 \/ III<br>80333 M\u00fcnchen<br>Tel. 089-55166-0<br>notarkammer@notarkasse.de<br>www.notare.bayern.de<br><br>Staat, der die Berufsbezeichnung verliehen hat:<br>Freistaat Bayern<br>Bundesrepublik Deutschland<br><br>Haftungsausschluss:<br>Es wird keine Haftung f\u00fcr den Inhalt externer Links \u00fcbernommen.<br>F\u00fcr diesen sind ausschlie\u00dflich deren Betreiber verantwortlich.<br><br>Text:<br>Notarin Stephanie Pelzer<br><br>Copyright<br>Copyright 2025 Notarin Stephanie Pelzer. Alle Rechte vorbehalten. Alle Texte, Bilder, Graphiken, Ton-, Video- und Animationsdateien sowie ihre Arrangements unterliegen dem Urheberrecht und anderen Gesetzen zum Schutz geistigen Eigentums. Sie d\u00fcrfen weder f\u00fcr Handelszwecke oder zur Weitergabe kopiert, noch ver\u00e4ndert oder auf anderen Web-Sites verwendet werden. Wir haben keinen Einfluss auf die Gestaltung und die Inhalte der gelinkten Seiten, deshalb distanziere ich mich ausdr\u00fccklich von allen Inhalten aller gelinkten Seiten auf dieser Webseite bzw. Server und ich mache mir die Inhalte der gelinkten Seiten nicht zu Eigen. Diese Erkl\u00e4rung gilt f\u00fcr alle verf\u00fcgbaren Links auf dieser Webseite bzw. Server, sowie evtl. vorhandene Linklisten und Foren.<\/p>","protected":false},"excerpt":{"rendered":"<p>Impressum Angaben gem\u00e4\u00df \u00a7 6 Teledienstgesetz Zust\u00e4ndige Aufsichtsbeh\u00f6rde:Pr\u00e4sident\/-in des Landgerichts M\u00fcnchen IPrielmayerstra\u00dfe 7, 80335 M\u00fcnchen Gesetzliche Amtsbezeichnung:Notare Berufsrechtliche Regelung:www.bnotk.de Berufskammer:Landesnotarkammer BayernOttostrasse 10 \/ III80333 M\u00fcnchenTel. 089-55166-0notarkammer@notarkasse.dewww.notare.bayern.de Staat, der die Berufsbezeichnung verliehen hat:Freistaat BayernBundesrepublik Deutschland Haftungsausschluss:Es wird keine Haftung f\u00fcr den Inhalt externer Links \u00fcbernommen.F\u00fcr diesen sind ausschlie\u00dflich deren Betreiber verantwortlich. Text:Notarin Stephanie Pelzer Urheberrecht:Copyright 2025&hellip; <a class=\"continue\" href=\"https:\/\/notarin-leo16.de\/en\/impressum\/\">weiterlesen<span> Imprint<\/span><\/a><\/p>","protected":false},"author":1,"featured_media":0,"parent":0,"menu_order":100,"comment_status":"closed","ping_status":"closed","template":"","meta":{"_acf_changed":false,"_vp_format_video_url":"","_vp_image_focal_point":[],"footnotes":""},"class_list":["post-212","page","type-page","status-publish","hentry"],"blocksy_meta":[],"acf":[],"yoast_head":"<!-- This site is optimized with the Yoast SEO plugin v27.5 - https:\/\/yoast.com\/product\/yoast-seo-wordpress\/ -->\n<title>Impressum - Notarin Stephanie Pelzer in M\u00fcnchen-Schwabing<\/title>\n<meta name=\"robots\" content=\"index, follow, max-snippet:-1, max-image-preview:large, max-video-preview:-1\" \/>\n<link rel=\"canonical\" href=\"https:\/\/notarin-leo16.de\/en\/impressum\/\" \/>\n<meta property=\"og:locale\" content=\"en_GB\" \/>\n<meta property=\"og:type\" content=\"article\" \/>\n<meta property=\"og:title\" content=\"Impressum - Notarin Stephanie Pelzer in M\u00fcnchen-Schwabing\" \/>\n<meta property=\"og:description\" content=\"Impressum Angaben gem\u00e4\u00df \u00a7 6 Teledienstgesetz Zust\u00e4ndige Aufsichtsbeh\u00f6rde:Pr\u00e4sident\/-in des Landgerichts M\u00fcnchen IPrielmayerstra\u00dfe 7, 80335 M\u00fcnchen Gesetzliche Amtsbezeichnung:Notare Berufsrechtliche Regelung:www.bnotk.de Berufskammer:Landesnotarkammer BayernOttostrasse 10 \/ III80333 M\u00fcnchenTel. 089-55166-0notarkammer@notarkasse.dewww.notare.bayern.de Staat, der die Berufsbezeichnung verliehen hat:Freistaat BayernBundesrepublik Deutschland Haftungsausschluss:Es wird keine Haftung f\u00fcr den Inhalt externer Links \u00fcbernommen.F\u00fcr diesen sind ausschlie\u00dflich deren Betreiber verantwortlich. Text:Notarin Stephanie Pelzer Urheberrecht:Copyright 2025&hellip; weiterlesen Impressum\" \/>\n<meta property=\"og:url\" content=\"https:\/\/notarin-leo16.de\/en\/impressum\/\" \/>\n<meta property=\"og:site_name\" content=\"Notarin Stephanie Pelzer in M\u00fcnchen-Schwabing\" \/>\n<meta property=\"article:modified_time\" content=\"2025-12-02T14:46:49+00:00\" \/>\n<meta property=\"og:image\" content=\"https:\/\/notarin-leo16.de\/wp-content\/uploads\/2023\/07\/siegestor.jpg\" \/>\n\t<meta property=\"og:image:width\" content=\"566\" \/>\n\t<meta property=\"og:image:height\" content=\"359\" \/>\n\t<meta property=\"og:image:type\" content=\"image\/jpeg\" \/>\n<meta name=\"twitter:card\" content=\"summary_large_image\" \/>\n<meta name=\"twitter:label1\" content=\"Estimated reading time\" \/>\n\t<meta name=\"twitter:data1\" content=\"1 minute\" \/>\n<script type=\"application\/ld+json\" class=\"yoast-schema-graph\">{\"@context\":\"https:\\\/\\\/schema.org\",\"@graph\":[{\"@type\":\"WebPage\",\"@id\":\"https:\\\/\\\/notarin-leo16.de\\\/impressum\\\/\",\"url\":\"https:\\\/\\\/notarin-leo16.de\\\/impressum\\\/\",\"name\":\"Impressum - Notarin Stephanie Pelzer in M\u00fcnchen-Schwabing\",\"isPartOf\":{\"@id\":\"https:\\\/\\\/notarin-leo16.de\\\/#website\"},\"datePublished\":\"2023-06-05T15:45:00+00:00\",\"dateModified\":\"2025-12-02T14:46:49+00:00\",\"breadcrumb\":{\"@id\":\"https:\\\/\\\/notarin-leo16.de\\\/impressum\\\/#breadcrumb\"},\"inLanguage\":\"en-GB\",\"potentialAction\":[{\"@type\":\"ReadAction\",\"target\":[\"https:\\\/\\\/notarin-leo16.de\\\/impressum\\\/\"]}]},{\"@type\":\"BreadcrumbList\",\"@id\":\"https:\\\/\\\/notarin-leo16.de\\\/impressum\\\/#breadcrumb\",\"itemListElement\":[{\"@type\":\"ListItem\",\"position\":1,\"name\":\"Startseite\",\"item\":\"https:\\\/\\\/notarin-leo16.de\\\/\"},{\"@type\":\"ListItem\",\"position\":2,\"name\":\"Impressum\"}]},{\"@type\":\"WebSite\",\"@id\":\"https:\\\/\\\/notarin-leo16.de\\\/#website\",\"url\":\"https:\\\/\\\/notarin-leo16.de\\\/\",\"name\":\"Herzlich Willkommen bei Ihrer Notarin Stephanie Pelzer in M\u00fcnchen-Schwabing.\",\"description\":\"Website von Notarin Stephanie Pelzer in M\u00fcnchen-Schwabing\",\"publisher\":{\"@id\":\"https:\\\/\\\/notarin-leo16.de\\\/#organization\"},\"alternateName\":\"Notarin Stephanie Pelzer\",\"potentialAction\":[{\"@type\":\"SearchAction\",\"target\":{\"@type\":\"EntryPoint\",\"urlTemplate\":\"https:\\\/\\\/notarin-leo16.de\\\/?s={search_term_string}\"},\"query-input\":{\"@type\":\"PropertyValueSpecification\",\"valueRequired\":true,\"valueName\":\"search_term_string\"}}],\"inLanguage\":\"en-GB\"},{\"@type\":\"Organization\",\"@id\":\"https:\\\/\\\/notarin-leo16.de\\\/#organization\",\"name\":\"Notarin Stephanie Pelzer\",\"url\":\"https:\\\/\\\/notarin-leo16.de\\\/\",\"logo\":{\"@type\":\"ImageObject\",\"inLanguage\":\"en-GB\",\"@id\":\"https:\\\/\\\/notarin-leo16.de\\\/#\\\/schema\\\/logo\\\/image\\\/\",\"url\":\"https:\\\/\\\/notarin-leo16.de\\\/wp-content\\\/uploads\\\/2025\\\/05\\\/SP_Logo_web_2-Kopie.png\",\"contentUrl\":\"https:\\\/\\\/notarin-leo16.de\\\/wp-content\\\/uploads\\\/2025\\\/05\\\/SP_Logo_web_2-Kopie.png\",\"width\":1241,\"height\":318,\"caption\":\"Notarin Stephanie Pelzer\"},\"image\":{\"@id\":\"https:\\\/\\\/notarin-leo16.de\\\/#\\\/schema\\\/logo\\\/image\\\/\"}}]}<\/script>\n<!-- \/ Yoast SEO plugin. -->","yoast_head_json":{"title":"Impressum - Notarin Stephanie Pelzer in M\u00fcnchen-Schwabing","robots":{"index":"index","follow":"follow","max-snippet":"max-snippet:-1","max-image-preview":"max-image-preview:large","max-video-preview":"max-video-preview:-1"},"canonical":"https:\/\/notarin-leo16.de\/en\/impressum\/","og_locale":"en_GB","og_type":"article","og_title":"Impressum - Notarin Stephanie Pelzer in M\u00fcnchen-Schwabing","og_description":"Impressum Angaben gem\u00e4\u00df \u00a7 6 Teledienstgesetz Zust\u00e4ndige Aufsichtsbeh\u00f6rde:Pr\u00e4sident\/-in des Landgerichts M\u00fcnchen IPrielmayerstra\u00dfe 7, 80335 M\u00fcnchen Gesetzliche Amtsbezeichnung:Notare Berufsrechtliche Regelung:www.bnotk.de Berufskammer:Landesnotarkammer BayernOttostrasse 10 \/ III80333 M\u00fcnchenTel. 089-55166-0notarkammer@notarkasse.dewww.notare.bayern.de Staat, der die Berufsbezeichnung verliehen hat:Freistaat BayernBundesrepublik Deutschland Haftungsausschluss:Es wird keine Haftung f\u00fcr den Inhalt externer Links \u00fcbernommen.F\u00fcr diesen sind ausschlie\u00dflich deren Betreiber verantwortlich. Text:Notarin Stephanie Pelzer Urheberrecht:Copyright 2025&hellip; weiterlesen Impressum","og_url":"https:\/\/notarin-leo16.de\/en\/impressum\/","og_site_name":"Notarin Stephanie Pelzer in M\u00fcnchen-Schwabing","article_modified_time":"2025-12-02T14:46:49+00:00","og_image":[{"width":566,"height":359,"url":"https:\/\/notarin-leo16.de\/wp-content\/uploads\/2023\/07\/siegestor.jpg","type":"image\/jpeg"}],"twitter_card":"summary_large_image","twitter_misc":{"Estimated reading time":"1 minute"},"schema":{"@context":"https:\/\/schema.org","@graph":[{"@type":"WebPage","@id":"https:\/\/notarin-leo16.de\/impressum\/","url":"https:\/\/notarin-leo16.de\/impressum\/","name":"Impressum - Notarin Stephanie Pelzer in M\u00fcnchen-Schwabing","isPartOf":{"@id":"https:\/\/notarin-leo16.de\/#website"},"datePublished":"2023-06-05T15:45:00+00:00","dateModified":"2025-12-02T14:46:49+00:00","breadcrumb":{"@id":"https:\/\/notarin-leo16.de\/impressum\/#breadcrumb"},"inLanguage":"en-GB","potentialAction":[{"@type":"ReadAction","target":["https:\/\/notarin-leo16.de\/impressum\/"]}]},{"@type":"BreadcrumbList","@id":"https:\/\/notarin-leo16.de\/impressum\/#breadcrumb","itemListElement":[{"@type":"ListItem","position":1,"name":"Startseite","item":"https:\/\/notarin-leo16.de\/"},{"@type":"ListItem","position":2,"name":"Impressum"}]},{"@type":"WebSite","@id":"https:\/\/notarin-leo16.de\/#website","url":"https:\/\/notarin-leo16.de\/","name":"Herzlich Willkommen bei Ihrer Notarin Stephanie Pelzer in M\u00fcnchen-Schwabing.","description":"Website von Notarin Stephanie Pelzer in M\u00fcnchen-Schwabing","publisher":{"@id":"https:\/\/notarin-leo16.de\/#organization"},"alternateName":"Notarin Stephanie Pelzer","potentialAction":[{"@type":"SearchAction","target":{"@type":"EntryPoint","urlTemplate":"https:\/\/notarin-leo16.de\/?s={search_term_string}"},"query-input":{"@type":"PropertyValueSpecification","valueRequired":true,"valueName":"search_term_string"}}],"inLanguage":"en-GB"},{"@type":"Organization","@id":"https:\/\/notarin-leo16.de\/#organization","name":"Notarin Stephanie Pelzer","url":"https:\/\/notarin-leo16.de\/","logo":{"@type":"ImageObject","inLanguage":"en-GB","@id":"https:\/\/notarin-leo16.de\/#\/schema\/logo\/image\/","url":"https:\/\/notarin-leo16.de\/wp-content\/uploads\/2025\/05\/SP_Logo_web_2-Kopie.png","contentUrl":"https:\/\/notarin-leo16.de\/wp-content\/uploads\/2025\/05\/SP_Logo_web_2-Kopie.png","width":1241,"height":318,"caption":"Notarin Stephanie Pelzer"},"image":{"@id":"https:\/\/notarin-leo16.de\/#\/schema\/logo\/image\/"}}]}},"_links":{"self":[{"href":"https:\/\/notarin-leo16.de\/en\/wp-json\/wp\/v2\/pages\/212","targetHints":{"allow":["GET"]}}],"collection":[{"href":"https:\/\/notarin-leo16.de\/en\/wp-json\/wp\/v2\/pages"}],"about":[{"href":"https:\/\/notarin-leo16.de\/en\/wp-json\/wp\/v2\/types\/page"}],"author":[{"embeddable":true,"href":"https:\/\/notarin-leo16.de\/en\/wp-json\/wp\/v2\/users\/1"}],"replies":[{"embeddable":true,"href":"https:\/\/notarin-leo16.de\/en\/wp-json\/wp\/v2\/comments?post=212"}],"version-history":[{"count":2,"href":"https:\/\/notarin-leo16.de\/en\/wp-json\/wp\/v2\/pages\/212\/revisions"}],"predecessor-version":[{"id":1004,"href":"https:\/\/notarin-leo16.de\/en\/wp-json\/wp\/v2\/pages\/212\/revisions\/1004"}],"wp:attachment":[{"href":"https:\/\/notarin-leo16.de\/en\/wp-json\/wp\/v2\/media?parent=212"}],"curies":[{"name":"wp","href":"https:\/\/api.w.org\/{rel}","templated":true}]}}