{"id":735,"date":"2025-05-30T17:42:31","date_gmt":"2025-05-30T15:42:31","guid":{"rendered":"http:\/\/newhp.notarin-leo16.de\/?page_id=735"},"modified":"2025-12-02T15:47:49","modified_gmt":"2025-12-02T14:47:49","slug":"kontakt","status":"publish","type":"page","link":"https:\/\/notarin-leo16.de\/en\/kontakt\/","title":{"rendered":"Contact"},"content":{"rendered":"\n<div class=\"wp-block-columns is-layout-flex wp-container-core-columns-is-layout-28f84493 wp-block-columns-is-layout-flex\">\n<div class=\"wp-block-column is-layout-flow wp-block-column-is-layout-flow\">\n<figure class=\"wp-block-image size-full\"><img loading=\"lazy\" decoding=\"async\" width=\"2560\" height=\"1706\" src=\"https:\/\/notarin-leo16.de\/wp-content\/uploads\/2025\/06\/notarinpelzer0069-Kopie-edited-scaled.jpg\" alt=\"notarinpelzer Haus mit Eingangsbereich\" class=\"wp-image-802\" srcset=\"https:\/\/notarin-leo16.de\/wp-content\/uploads\/2025\/06\/notarinpelzer0069-Kopie-edited-scaled.jpg 2560w, https:\/\/notarin-leo16.de\/wp-content\/uploads\/2025\/06\/notarinpelzer0069-Kopie-edited-300x200.jpg 300w, https:\/\/notarin-leo16.de\/wp-content\/uploads\/2025\/06\/notarinpelzer0069-Kopie-edited-1024x682.jpg 1024w, https:\/\/notarin-leo16.de\/wp-content\/uploads\/2025\/06\/notarinpelzer0069-Kopie-edited-768x512.jpg 768w, https:\/\/notarin-leo16.de\/wp-content\/uploads\/2025\/06\/notarinpelzer0069-Kopie-edited-1536x1024.jpg 1536w, https:\/\/notarin-leo16.de\/wp-content\/uploads\/2025\/06\/notarinpelzer0069-Kopie-edited-2048x1365.jpg 2048w, https:\/\/notarin-leo16.de\/wp-content\/uploads\/2025\/06\/notarinpelzer0069-Kopie-edited-18x12.jpg 18w, https:\/\/notarin-leo16.de\/wp-content\/uploads\/2025\/06\/notarinpelzer0069-Kopie-edited-500x333.jpg 500w, https:\/\/notarin-leo16.de\/wp-content\/uploads\/2025\/06\/notarinpelzer0069-Kopie-edited-800x533.jpg 800w, https:\/\/notarin-leo16.de\/wp-content\/uploads\/2025\/06\/notarinpelzer0069-Kopie-edited-1280x853.jpg 1280w, https:\/\/notarin-leo16.de\/wp-content\/uploads\/2025\/06\/notarinpelzer0069-Kopie-edited-1920x1280.jpg 1920w\" sizes=\"auto, (max-width: 2560px) 100vw, 2560px\" \/><\/figure>\n<\/div>\n\n\n\n<div class=\"wp-block-column is-layout-flow wp-block-column-is-layout-flow\">\n<figure class=\"wp-block-image size-full\"><img loading=\"lazy\" decoding=\"async\" width=\"2560\" height=\"1707\" src=\"https:\/\/notarin-leo16.de\/wp-content\/uploads\/2025\/06\/image1-edited-1-scaled.jpeg\" alt=\"notarinpelzer Beglaubigung Foto Stempel und Siegel\" class=\"wp-image-869\" srcset=\"https:\/\/notarin-leo16.de\/wp-content\/uploads\/2025\/06\/image1-edited-1-scaled.jpeg 2560w, https:\/\/notarin-leo16.de\/wp-content\/uploads\/2025\/06\/image1-edited-1-300x200.jpeg 300w, https:\/\/notarin-leo16.de\/wp-content\/uploads\/2025\/06\/image1-edited-1-1024x683.jpeg 1024w, https:\/\/notarin-leo16.de\/wp-content\/uploads\/2025\/06\/image1-edited-1-768x512.jpeg 768w, https:\/\/notarin-leo16.de\/wp-content\/uploads\/2025\/06\/image1-edited-1-1536x1024.jpeg 1536w, https:\/\/notarin-leo16.de\/wp-content\/uploads\/2025\/06\/image1-edited-1-2048x1365.jpeg 2048w, https:\/\/notarin-leo16.de\/wp-content\/uploads\/2025\/06\/image1-edited-1-18x12.jpeg 18w, https:\/\/notarin-leo16.de\/wp-content\/uploads\/2025\/06\/image1-edited-1-500x333.jpeg 500w, https:\/\/notarin-leo16.de\/wp-content\/uploads\/2025\/06\/image1-edited-1-800x533.jpeg 800w, https:\/\/notarin-leo16.de\/wp-content\/uploads\/2025\/06\/image1-edited-1-1280x853.jpeg 1280w, https:\/\/notarin-leo16.de\/wp-content\/uploads\/2025\/06\/image1-edited-1-1920x1280.jpeg 1920w\" sizes=\"auto, (max-width: 2560px) 100vw, 2560px\" \/><\/figure>\n<\/div>\n<\/div>\n\n\n\n<div style=\"height:60px\" aria-hidden=\"true\" class=\"wp-block-spacer\"><\/div>\n\n\n\n<h1 class=\"gb-headline gb-headline-b777142a gb-headline-text\">Kontakt<\/h1>\n\n\n\n<div class=\"wp-block-columns is-layout-flex wp-container-core-columns-is-layout-28f84493 wp-block-columns-is-layout-flex\">\n<div class=\"wp-block-column is-layout-flow wp-block-column-is-layout-flow\">\n<h2 class=\"wp-block-heading has-palette-color-4-color has-text-color\">Anschrift<\/h2>\n\n\n\n<p>Notarin Stephanie Pelzer<br>Amtsnachfolgerin des Notars Dr. Rolf Thiele<br>Leopoldstra\u00dfe 16 <br>80802 M\u00fcnchen<br>0049 (0)89 381702 &#8211; 00 (Zentrale)<br>0049 (0)89 381702 &#8211; 99 (Fax)<br><a href=\"mailto:info@notarin-leo16.de\">info@notarin-leo16.de<\/a><\/p>\n\n\n\n<p><\/p>\n<\/div>\n\n\n\n<div class=\"wp-block-column is-layout-flow wp-block-column-is-layout-flow\">\n<h2 class=\"wp-block-heading has-palette-color-4-color has-text-color\">\u00d6ffnungszeiten<\/h2>\n\n\n\n<p class=\"has-palette-color-4-color has-text-color\"><strong>Montag, Dienstag und Donnerstag<\/strong><br>8.00 Uhr &#8211; 12.30 Uhr und 13.15 Uhr &#8211; 17.00 Uhr<br><strong>Mittwoch<\/strong><br>8.00 Uhr &#8211; 12.30 Uhr und 13.15 Uhr &#8211; 18.00 Uhr<br><strong>Freitag<\/strong><br>8.00 Uhr &#8211; 12.30 Uhr<\/p>\n<\/div>\n<\/div>\n\n\n\n<div style=\"height:100px\" aria-hidden=\"true\" class=\"wp-block-spacer\"><\/div>\n\n\n<div class=\"gb-grid-wrapper gb-grid-wrapper-01a9742f\">\n<div class=\"gb-grid-column gb-grid-column-d995fbab\"><div class=\"gb-container gb-container-d995fbab\">\n\n<h2 class=\"wp-block-heading has-palette-color-4-color has-text-color\">Kontaktformular<\/h2>\n\n\n<div class=\"wpforms-container wpforms-container-full wpforms-block wpforms-block-a19d6fd0-32ff-45b7-86d5-67a0cd9f393f wpforms-render-modern\" id=\"wpforms-331\"><form id=\"wpforms-form-331\" class=\"wpforms-validate wpforms-form wpforms-ajax-form\" data-formid=\"331\" method=\"post\" enctype=\"multipart\/form-data\" action=\"\/en\/wp-json\/wp\/v2\/pages\/735\" data-token=\"ad3265efd517786a83d791761a484727\" data-token-time=\"1778505168\"><noscript class=\"wpforms-error-noscript\">Please enable JavaScript in your browser to complete this form.<\/noscript><div id=\"wpforms-error-noscript\" style=\"display: none;\">Please enable JavaScript in your browser to complete this form.<\/div><div class=\"wpforms-field-container\"><div id=\"wpforms-331-field_3-container\" class=\"wpforms-field wpforms-field-text\" data-field-id=\"3\"><label class=\"wpforms-field-label\" for=\"wpforms-331-field_3\">Name<\/label><input type=\"text\" id=\"wpforms-331-field_3\" class=\"wpforms-field-large\" name=\"wpforms[fields][3]\" aria-errormessage=\"wpforms-331-field_3-error\" ><\/div><div id=\"wpforms-331-field_1-container\" class=\"wpforms-field wpforms-field-email\" data-field-id=\"1\"><label class=\"wpforms-field-label\" for=\"wpforms-331-field_1\">E-Mail <span class=\"wpforms-required-label\" aria-hidden=\"true\">*<\/span><\/label><input type=\"email\" id=\"wpforms-331-field_1\" class=\"wpforms-field-large wpforms-field-required\" name=\"wpforms[fields][1]\" spellcheck=\"false\" aria-errormessage=\"wpforms-331-field_1-error\" required><\/div><div id=\"wpforms-331-field_4-container\" class=\"wpforms-field wpforms-field-text\" data-field-id=\"4\"><label class=\"wpforms-field-label\" for=\"wpforms-331-field_4\">Betreff<\/label><input type=\"text\" id=\"wpforms-331-field_4\" class=\"wpforms-field-large\" name=\"wpforms[fields][4]\" aria-errormessage=\"wpforms-331-field_4-error\" ><\/div><div id=\"wpforms-331-field_2-container\" class=\"wpforms-field wpforms-field-textarea\" data-field-id=\"2\"><label class=\"wpforms-field-label\" for=\"wpforms-331-field_2\">Kommentar oder Nachricht<\/label><textarea id=\"wpforms-331-field_2\" class=\"wpforms-field-large\" name=\"wpforms[fields][2]\" aria-errormessage=\"wpforms-331-field_2-error\" ><\/textarea><\/div><\/div><!-- .wpforms-field-container --><div class=\"wpforms-submit-container\" ><input type=\"hidden\" name=\"wpforms[id]\" value=\"331\"><input type=\"hidden\" name=\"page_title\" value=\"\"><input type=\"hidden\" name=\"page_url\" value=\"https:\/\/notarin-leo16.de\/en\/wp-json\/wp\/v2\/pages\/735\"><input type=\"hidden\" name=\"url_referer\" value=\"\">\t\t<div class=\"webo-form-datenschutz\">\n\t\t\t<p>Der Datenschutz und Ihre Privatsph\u00e4re sind uns sehr wichtig. Bitte beachten Sie unsere Hinweise hierzu in unserer <a href=\"http:\/\/newhp.notarin-leo16.de\/datenschutz\/\">Datenschutzerkl\u00e4rung<\/a>.<\/p>\n \n\t\t<\/div>\t\t\n\t\t<button type=\"submit\" name=\"wpforms[submit]\" id=\"wpforms-submit-331\" class=\"wpforms-submit\" data-alt-text=\"Senden\u2026\" data-submit-text=\"Absenden\" aria-live=\"assertive\" value=\"wpforms-submit\">Absenden<\/button><img loading=\"lazy\" decoding=\"async\" src=\"https:\/\/notarin-leo16.de\/wp-content\/plugins\/wpforms-lite\/assets\/images\/submit-spin.svg\" class=\"wpforms-submit-spinner\" style=\"display: none;\" width=\"26\" height=\"26\" alt=\"Loading\"><\/div><\/form><\/div>  <!-- .wpforms-container -->\n<\/div><\/div>\n<\/div>\n\n\n<div style=\"height:100px\" aria-hidden=\"true\" class=\"wp-block-spacer\"><\/div>\n\n\n\n<h2 class=\"wp-block-heading has-text-align-center has-palette-color-4-color has-text-color\">Anfahrt<\/h2>\n\n\n\n<div class=\"wp-block-columns is-layout-flex wp-container-core-columns-is-layout-28f84493 wp-block-columns-is-layout-flex\">\n<div class=\"wp-block-column is-layout-flow wp-block-column-is-layout-flow\" style=\"flex-basis:100%\">\n<iframe src=\"https:\/\/www.google.com\/maps\/embed?pb=!1m14!1m8!1m3!1d2533.5145387872944!2d11.583395000000001!3d48.153627!3m2!1i1024!2i768!4f13.1!3m3!1m2!1s0x479e75bc4c476d4b%3A0xbd048b134c2d1a8a!2sNotarin%20Stephanie%20Pelzer!5e1!3m2!1sde!2sde!4v1752606627417!5m2!1sde!2sde\" width=\"100%\" height=\"450\" style=\"border:0;\" allowfullscreen=\"\" loading=\"lazy\" referrerpolicy=\"no-referrer-when-downgrade\"><\/iframe>\n<\/div>\n<\/div>\n\n\n\n<div style=\"height:36px\" aria-hidden=\"true\" class=\"wp-block-spacer\"><\/div>\n\n\n\n<div class=\"wp-block-columns is-layout-flex wp-container-core-columns-is-layout-28f84493 wp-block-columns-is-layout-flex\">\n<div class=\"wp-block-column is-layout-flow wp-block-column-is-layout-flow\">\n<p><strong>Anreise mit dem Pkw:<\/strong><br>Parken Sie bequem vor dem Haus in den Parkbuchten auf der Leopoldstra\u00dfe oder &#8211; nach Verf\u00fcgbarkeit &#8211; auf den Stellpl\u00e4tzen Nr. 3 und Nr. 4 im 1. Untergeschoss&nbsp;der Tiefgarage direkt im Haus. Die Zufahrt zur Tiefgarage erfolgt \u00fcber die Einfahrt vor dem Geb\u00e4ude rechts. Bitte melden Sie sich an, damit Ihnen ge\u00f6ffnet wird. Bitte verwenden Sie bei der Einfahrt&nbsp;nicht&nbsp;den Kfz-Aufzug, selbst wenn er ge\u00f6ffnet ist. Von der Tiefgarage gelangen Sie mit dem Fahrstuhl direkt in die R\u00e4umlichkeiten des Notariats (3. Obergeschoss).<\/p>\n\n\n\n<p><\/p>\n<\/div>\n\n\n\n<div class=\"wp-block-column is-layout-flow wp-block-column-is-layout-flow\">\n<p><strong>Anreise mit \u00f6ffentlichen Verkehrsmitteln:<\/strong><br>Das Notariat befindet sich nur wenige Gehminuten entfernt von der&nbsp;U-Bahn-Station Universit\u00e4t oder Giselastra\u00dfe&nbsp;(U3\/U6)&nbsp;und der&nbsp;Bushaltestelle Georgenstra\u00dfe&nbsp;(Bus 150\/154).<\/p>\n<\/div>\n<\/div>\n\n\n\n<p><\/p>\n","protected":false},"excerpt":{"rendered":"<p>Kontakt Anschrift Notarin Stephanie PelzerAmtsnachfolgerin des Notars Dr. Rolf ThieleLeopoldstra\u00dfe 16 80802 M\u00fcnchen0049 (0)89 381702 &#8211; 00 (Zentrale)0049 (0)89 381702 &#8211; 99 (Fax)info@notarin-leo16.de \u00d6ffnungszeiten Montag, Dienstag und Donnerstag8.00 Uhr &#8211; 12.30 Uhr und 13.15 Uhr &#8211; 17.00 UhrMittwoch8.00 Uhr &#8211; 12.30 Uhr und 13.15 Uhr &#8211; 18.00 UhrFreitag8.00 Uhr &#8211; 12.30 Uhr Anfahrt Anreise mit&hellip; <a class=\"continue\" href=\"https:\/\/notarin-leo16.de\/en\/kontakt\/\">weiterlesen<span> Contact<\/span><\/a><\/p>","protected":false},"author":1,"featured_media":0,"parent":0,"menu_order":50,"comment_status":"closed","ping_status":"closed","template":"","meta":{"_acf_changed":false,"_vp_format_video_url":"","_vp_image_focal_point":[],"footnotes":""},"class_list":["post-735","page","type-page","status-publish","hentry"],"blocksy_meta":[],"acf":[],"yoast_head":"<!-- This site is optimized with the Yoast SEO plugin v27.5 - https:\/\/yoast.com\/product\/yoast-seo-wordpress\/ -->\n<title>Kontakt - Notarin Stephanie Pelzer in M\u00fcnchen-Schwabing<\/title>\n<meta name=\"description\" content=\"Notarin Stephanie\u202fPelzer, Leopoldstr.\u202f16 M\u00fcnchen. Hier finden Sie uns \u2013 mit Kontaktinfos &amp; Anfahrtsbeschreibung f\u00fcr Ihren Besuch bei uns.\" \/>\n<meta name=\"robots\" content=\"index, follow, max-snippet:-1, max-image-preview:large, max-video-preview:-1\" \/>\n<link rel=\"canonical\" href=\"https:\/\/notarin-leo16.de\/en\/kontakt\/\" \/>\n<meta property=\"og:locale\" content=\"en_GB\" \/>\n<meta property=\"og:type\" content=\"article\" \/>\n<meta property=\"og:title\" content=\"Kontakt - Notarin Stephanie Pelzer in M\u00fcnchen-Schwabing\" \/>\n<meta property=\"og:description\" content=\"Notarin Stephanie\u202fPelzer, Leopoldstr.\u202f16 M\u00fcnchen. Hier finden Sie uns \u2013 mit Kontaktinfos &amp; Anfahrtsbeschreibung f\u00fcr Ihren Besuch bei uns.\" \/>\n<meta property=\"og:url\" content=\"https:\/\/notarin-leo16.de\/en\/kontakt\/\" \/>\n<meta property=\"og:site_name\" content=\"Notarin Stephanie Pelzer in M\u00fcnchen-Schwabing\" \/>\n<meta property=\"article:modified_time\" content=\"2025-12-02T14:47:49+00:00\" \/>\n<meta property=\"og:image\" content=\"https:\/\/notarin-leo16.de\/wp-content\/uploads\/2025\/06\/notarinpelzer0069-Kopie-edited-scaled.jpg\" \/>\n\t<meta property=\"og:image:width\" content=\"2560\" \/>\n\t<meta property=\"og:image:height\" content=\"1706\" \/>\n\t<meta property=\"og:image:type\" content=\"image\/jpeg\" \/>\n<meta name=\"twitter:card\" content=\"summary_large_image\" \/>\n<meta name=\"twitter:label1\" content=\"Estimated reading time\" \/>\n\t<meta name=\"twitter:data1\" content=\"2 minutes\" \/>\n<script type=\"application\/ld+json\" class=\"yoast-schema-graph\">{\"@context\":\"https:\\\/\\\/schema.org\",\"@graph\":[{\"@type\":\"WebPage\",\"@id\":\"https:\\\/\\\/notarin-leo16.de\\\/kontakt\\\/\",\"url\":\"https:\\\/\\\/notarin-leo16.de\\\/kontakt\\\/\",\"name\":\"Kontakt - Notarin Stephanie Pelzer in M\u00fcnchen-Schwabing\",\"isPartOf\":{\"@id\":\"https:\\\/\\\/notarin-leo16.de\\\/#website\"},\"primaryImageOfPage\":{\"@id\":\"https:\\\/\\\/notarin-leo16.de\\\/kontakt\\\/#primaryimage\"},\"image\":{\"@id\":\"https:\\\/\\\/notarin-leo16.de\\\/kontakt\\\/#primaryimage\"},\"thumbnailUrl\":\"https:\\\/\\\/notarin-leo16.de\\\/wp-content\\\/uploads\\\/2025\\\/06\\\/notarinpelzer0069-Kopie-edited-scaled.jpg\",\"datePublished\":\"2025-05-30T15:42:31+00:00\",\"dateModified\":\"2025-12-02T14:47:49+00:00\",\"description\":\"Notarin Stephanie\u202fPelzer, Leopoldstr.\u202f16 M\u00fcnchen. Hier finden Sie uns \u2013 mit Kontaktinfos & Anfahrtsbeschreibung f\u00fcr Ihren Besuch bei uns.\",\"breadcrumb\":{\"@id\":\"https:\\\/\\\/notarin-leo16.de\\\/kontakt\\\/#breadcrumb\"},\"inLanguage\":\"en-GB\",\"potentialAction\":[{\"@type\":\"ReadAction\",\"target\":[\"https:\\\/\\\/notarin-leo16.de\\\/kontakt\\\/\"]}]},{\"@type\":\"ImageObject\",\"inLanguage\":\"en-GB\",\"@id\":\"https:\\\/\\\/notarin-leo16.de\\\/kontakt\\\/#primaryimage\",\"url\":\"https:\\\/\\\/notarin-leo16.de\\\/wp-content\\\/uploads\\\/2025\\\/06\\\/notarinpelzer0069-Kopie-edited-scaled.jpg\",\"contentUrl\":\"https:\\\/\\\/notarin-leo16.de\\\/wp-content\\\/uploads\\\/2025\\\/06\\\/notarinpelzer0069-Kopie-edited-scaled.jpg\"},{\"@type\":\"BreadcrumbList\",\"@id\":\"https:\\\/\\\/notarin-leo16.de\\\/kontakt\\\/#breadcrumb\",\"itemListElement\":[{\"@type\":\"ListItem\",\"position\":1,\"name\":\"Startseite\",\"item\":\"https:\\\/\\\/notarin-leo16.de\\\/\"},{\"@type\":\"ListItem\",\"position\":2,\"name\":\"Kontakt\"}]},{\"@type\":\"WebSite\",\"@id\":\"https:\\\/\\\/notarin-leo16.de\\\/#website\",\"url\":\"https:\\\/\\\/notarin-leo16.de\\\/\",\"name\":\"Herzlich Willkommen bei Ihrer Notarin Stephanie Pelzer in M\u00fcnchen-Schwabing.\",\"description\":\"Website von Notarin Stephanie Pelzer in M\u00fcnchen-Schwabing\",\"publisher\":{\"@id\":\"https:\\\/\\\/notarin-leo16.de\\\/#organization\"},\"alternateName\":\"Notarin Stephanie Pelzer\",\"potentialAction\":[{\"@type\":\"SearchAction\",\"target\":{\"@type\":\"EntryPoint\",\"urlTemplate\":\"https:\\\/\\\/notarin-leo16.de\\\/?s={search_term_string}\"},\"query-input\":{\"@type\":\"PropertyValueSpecification\",\"valueRequired\":true,\"valueName\":\"search_term_string\"}}],\"inLanguage\":\"en-GB\"},{\"@type\":\"Organization\",\"@id\":\"https:\\\/\\\/notarin-leo16.de\\\/#organization\",\"name\":\"Notarin Stephanie Pelzer\",\"url\":\"https:\\\/\\\/notarin-leo16.de\\\/\",\"logo\":{\"@type\":\"ImageObject\",\"inLanguage\":\"en-GB\",\"@id\":\"https:\\\/\\\/notarin-leo16.de\\\/#\\\/schema\\\/logo\\\/image\\\/\",\"url\":\"https:\\\/\\\/notarin-leo16.de\\\/wp-content\\\/uploads\\\/2025\\\/05\\\/SP_Logo_web_2-Kopie.png\",\"contentUrl\":\"https:\\\/\\\/notarin-leo16.de\\\/wp-content\\\/uploads\\\/2025\\\/05\\\/SP_Logo_web_2-Kopie.png\",\"width\":1241,\"height\":318,\"caption\":\"Notarin Stephanie Pelzer\"},\"image\":{\"@id\":\"https:\\\/\\\/notarin-leo16.de\\\/#\\\/schema\\\/logo\\\/image\\\/\"}}]}<\/script>\n<!-- \/ Yoast SEO plugin. -->","yoast_head_json":{"title":"Kontakt - Notarin Stephanie Pelzer in M\u00fcnchen-Schwabing","description":"Notarin Stephanie\u202fPelzer, Leopoldstr.\u202f16 M\u00fcnchen. Hier finden Sie uns \u2013 mit Kontaktinfos & Anfahrtsbeschreibung f\u00fcr Ihren Besuch bei uns.","robots":{"index":"index","follow":"follow","max-snippet":"max-snippet:-1","max-image-preview":"max-image-preview:large","max-video-preview":"max-video-preview:-1"},"canonical":"https:\/\/notarin-leo16.de\/en\/kontakt\/","og_locale":"en_GB","og_type":"article","og_title":"Kontakt - Notarin Stephanie Pelzer in M\u00fcnchen-Schwabing","og_description":"Notarin Stephanie\u202fPelzer, Leopoldstr.\u202f16 M\u00fcnchen. Hier finden Sie uns \u2013 mit Kontaktinfos & Anfahrtsbeschreibung f\u00fcr Ihren Besuch bei uns.","og_url":"https:\/\/notarin-leo16.de\/en\/kontakt\/","og_site_name":"Notarin Stephanie Pelzer in M\u00fcnchen-Schwabing","article_modified_time":"2025-12-02T14:47:49+00:00","og_image":[{"width":2560,"height":1706,"url":"https:\/\/notarin-leo16.de\/wp-content\/uploads\/2025\/06\/notarinpelzer0069-Kopie-edited-scaled.jpg","type":"image\/jpeg"}],"twitter_card":"summary_large_image","twitter_misc":{"Estimated reading time":"2 minutes"},"schema":{"@context":"https:\/\/schema.org","@graph":[{"@type":"WebPage","@id":"https:\/\/notarin-leo16.de\/kontakt\/","url":"https:\/\/notarin-leo16.de\/kontakt\/","name":"Kontakt - Notarin Stephanie Pelzer in M\u00fcnchen-Schwabing","isPartOf":{"@id":"https:\/\/notarin-leo16.de\/#website"},"primaryImageOfPage":{"@id":"https:\/\/notarin-leo16.de\/kontakt\/#primaryimage"},"image":{"@id":"https:\/\/notarin-leo16.de\/kontakt\/#primaryimage"},"thumbnailUrl":"https:\/\/notarin-leo16.de\/wp-content\/uploads\/2025\/06\/notarinpelzer0069-Kopie-edited-scaled.jpg","datePublished":"2025-05-30T15:42:31+00:00","dateModified":"2025-12-02T14:47:49+00:00","description":"Notarin Stephanie\u202fPelzer, Leopoldstr.\u202f16 M\u00fcnchen. Hier finden Sie uns \u2013 mit Kontaktinfos & Anfahrtsbeschreibung f\u00fcr Ihren Besuch bei uns.","breadcrumb":{"@id":"https:\/\/notarin-leo16.de\/kontakt\/#breadcrumb"},"inLanguage":"en-GB","potentialAction":[{"@type":"ReadAction","target":["https:\/\/notarin-leo16.de\/kontakt\/"]}]},{"@type":"ImageObject","inLanguage":"en-GB","@id":"https:\/\/notarin-leo16.de\/kontakt\/#primaryimage","url":"https:\/\/notarin-leo16.de\/wp-content\/uploads\/2025\/06\/notarinpelzer0069-Kopie-edited-scaled.jpg","contentUrl":"https:\/\/notarin-leo16.de\/wp-content\/uploads\/2025\/06\/notarinpelzer0069-Kopie-edited-scaled.jpg"},{"@type":"BreadcrumbList","@id":"https:\/\/notarin-leo16.de\/kontakt\/#breadcrumb","itemListElement":[{"@type":"ListItem","position":1,"name":"Startseite","item":"https:\/\/notarin-leo16.de\/"},{"@type":"ListItem","position":2,"name":"Kontakt"}]},{"@type":"WebSite","@id":"https:\/\/notarin-leo16.de\/#website","url":"https:\/\/notarin-leo16.de\/","name":"Herzlich Willkommen bei Ihrer Notarin Stephanie Pelzer in M\u00fcnchen-Schwabing.","description":"Website von Notarin Stephanie Pelzer in M\u00fcnchen-Schwabing","publisher":{"@id":"https:\/\/notarin-leo16.de\/#organization"},"alternateName":"Notarin Stephanie Pelzer","potentialAction":[{"@type":"SearchAction","target":{"@type":"EntryPoint","urlTemplate":"https:\/\/notarin-leo16.de\/?s={search_term_string}"},"query-input":{"@type":"PropertyValueSpecification","valueRequired":true,"valueName":"search_term_string"}}],"inLanguage":"en-GB"},{"@type":"Organization","@id":"https:\/\/notarin-leo16.de\/#organization","name":"Notarin Stephanie Pelzer","url":"https:\/\/notarin-leo16.de\/","logo":{"@type":"ImageObject","inLanguage":"en-GB","@id":"https:\/\/notarin-leo16.de\/#\/schema\/logo\/image\/","url":"https:\/\/notarin-leo16.de\/wp-content\/uploads\/2025\/05\/SP_Logo_web_2-Kopie.png","contentUrl":"https:\/\/notarin-leo16.de\/wp-content\/uploads\/2025\/05\/SP_Logo_web_2-Kopie.png","width":1241,"height":318,"caption":"Notarin Stephanie Pelzer"},"image":{"@id":"https:\/\/notarin-leo16.de\/#\/schema\/logo\/image\/"}}]}},"_links":{"self":[{"href":"https:\/\/notarin-leo16.de\/en\/wp-json\/wp\/v2\/pages\/735","targetHints":{"allow":["GET"]}}],"collection":[{"href":"https:\/\/notarin-leo16.de\/en\/wp-json\/wp\/v2\/pages"}],"about":[{"href":"https:\/\/notarin-leo16.de\/en\/wp-json\/wp\/v2\/types\/page"}],"author":[{"embeddable":true,"href":"https:\/\/notarin-leo16.de\/en\/wp-json\/wp\/v2\/users\/1"}],"replies":[{"embeddable":true,"href":"https:\/\/notarin-leo16.de\/en\/wp-json\/wp\/v2\/comments?post=735"}],"version-history":[{"count":2,"href":"https:\/\/notarin-leo16.de\/en\/wp-json\/wp\/v2\/pages\/735\/revisions"}],"predecessor-version":[{"id":1011,"href":"https:\/\/notarin-leo16.de\/en\/wp-json\/wp\/v2\/pages\/735\/revisions\/1011"}],"wp:attachment":[{"href":"https:\/\/notarin-leo16.de\/en\/wp-json\/wp\/v2\/media?parent=735"}],"curies":[{"name":"wp","href":"https:\/\/api.w.org\/{rel}","templated":true}]}}