{"id":749,"date":"2025-06-02T20:41:45","date_gmt":"2025-06-02T18:41:45","guid":{"rendered":"http:\/\/newhp.notarin-leo16.de\/?page_id=749"},"modified":"2026-03-12T12:50:25","modified_gmt":"2026-03-12T11:50:25","slug":"leistungen-unseres-notariats-stephanie-pelzer","status":"publish","type":"page","link":"https:\/\/notarin-leo16.de\/en\/leistungen-unseres-notariats-stephanie-pelzer\/","title":{"rendered":"Services"},"content":{"rendered":"<div class=\"wp-block-columns is-layout-flex wp-container-core-columns-is-layout-28f84493 wp-block-columns-is-layout-flex\">\n<div class=\"wp-block-column is-layout-flow wp-block-column-is-layout-flow\">\n<figure class=\"wp-block-image size-full\"><img loading=\"lazy\" decoding=\"async\" width=\"2500\" height=\"1667\" src=\"https:\/\/notarin-leo16.de\/wp-content\/uploads\/2023\/06\/Beurkundungsraum2_drthieledrsatzl0056.jpg\" alt=\"Heller Besprechungsraum mit gro\u00dfer Fensterfront und bereitgestellten Getr\u00e4nken.\" class=\"wp-image-468\" srcset=\"https:\/\/notarin-leo16.de\/wp-content\/uploads\/2023\/06\/Beurkundungsraum2_drthieledrsatzl0056.jpg 2500w, https:\/\/notarin-leo16.de\/wp-content\/uploads\/2023\/06\/Beurkundungsraum2_drthieledrsatzl0056-300x200.jpg 300w, https:\/\/notarin-leo16.de\/wp-content\/uploads\/2023\/06\/Beurkundungsraum2_drthieledrsatzl0056-768x512.jpg 768w, https:\/\/notarin-leo16.de\/wp-content\/uploads\/2023\/06\/Beurkundungsraum2_drthieledrsatzl0056-1536x1024.jpg 1536w, https:\/\/notarin-leo16.de\/wp-content\/uploads\/2023\/06\/Beurkundungsraum2_drthieledrsatzl0056-2048x1366.jpg 2048w, https:\/\/notarin-leo16.de\/wp-content\/uploads\/2023\/06\/Beurkundungsraum2_drthieledrsatzl0056-18x12.jpg 18w, https:\/\/notarin-leo16.de\/wp-content\/uploads\/2023\/06\/Beurkundungsraum2_drthieledrsatzl0056-500x333.jpg 500w, https:\/\/notarin-leo16.de\/wp-content\/uploads\/2023\/06\/Beurkundungsraum2_drthieledrsatzl0056-800x533.jpg 800w, https:\/\/notarin-leo16.de\/wp-content\/uploads\/2023\/06\/Beurkundungsraum2_drthieledrsatzl0056-1280x854.jpg 1280w, https:\/\/notarin-leo16.de\/wp-content\/uploads\/2023\/06\/Beurkundungsraum2_drthieledrsatzl0056-1920x1280.jpg 1920w\" sizes=\"auto, (max-width: 2500px) 100vw, 2500px\" \/><\/figure>\n<\/div>\n\n\n\n<div class=\"wp-block-column is-layout-flow wp-block-column-is-layout-flow\">\n<figure class=\"wp-block-image size-full\"><img loading=\"lazy\" decoding=\"async\" width=\"2560\" height=\"1719\" src=\"https:\/\/notarin-leo16.de\/wp-content\/uploads\/2025\/07\/image0_NEU-scaled.jpg\" alt=\"\" class=\"wp-image-878\" srcset=\"https:\/\/notarin-leo16.de\/wp-content\/uploads\/2025\/07\/image0_NEU-scaled.jpg 2560w, https:\/\/notarin-leo16.de\/wp-content\/uploads\/2025\/07\/image0_NEU-300x201.jpg 300w, https:\/\/notarin-leo16.de\/wp-content\/uploads\/2025\/07\/image0_NEU-1024x688.jpg 1024w, https:\/\/notarin-leo16.de\/wp-content\/uploads\/2025\/07\/image0_NEU-768x516.jpg 768w, https:\/\/notarin-leo16.de\/wp-content\/uploads\/2025\/07\/image0_NEU-1536x1031.jpg 1536w, https:\/\/notarin-leo16.de\/wp-content\/uploads\/2025\/07\/image0_NEU-2048x1375.jpg 2048w, https:\/\/notarin-leo16.de\/wp-content\/uploads\/2025\/07\/image0_NEU-18x12.jpg 18w, https:\/\/notarin-leo16.de\/wp-content\/uploads\/2025\/07\/image0_NEU-500x336.jpg 500w, https:\/\/notarin-leo16.de\/wp-content\/uploads\/2025\/07\/image0_NEU-800x537.jpg 800w, https:\/\/notarin-leo16.de\/wp-content\/uploads\/2025\/07\/image0_NEU-1280x860.jpg 1280w, https:\/\/notarin-leo16.de\/wp-content\/uploads\/2025\/07\/image0_NEU-1920x1289.jpg 1920w\" sizes=\"auto, (max-width: 2560px) 100vw, 2560px\" \/><\/figure>\n<\/div>\n<\/div>\n\n\n\n<div style=\"height:60px\" aria-hidden=\"true\" class=\"wp-block-spacer\"><\/div>\n\n\n\n<h1 class=\"gb-headline gb-headline-6cf6038e gb-headline-text\">RANGE OF SERVICES<\/h1>\n\n\n\n<div style=\"height:60px\" aria-hidden=\"true\" class=\"wp-block-spacer\"><\/div>\n\n\n\n<div class=\"wp-block-columns is-layout-flex wp-container-core-columns-is-layout-28f84493 wp-block-columns-is-layout-flex\">\n<div class=\"wp-block-column is-layout-flow wp-block-column-is-layout-flow\">\n<h3 class=\"wp-block-heading has-palette-color-4-color has-text-color\"><strong><strong>Real Estate Law<\/strong><\/strong><\/h3>\n\n\n\n<p>Real Estate Transactions<br>Real Estate Development Contracts<br>Development Contracts, Urban Development Contracts<br>Donations of Real Estate<br>Division into condominium ownership<br>Heritable building rights<br>Dienstbarkeiten (z. B. im Bereich erneuerbare Energien wie <br>Photovoltaik und Windkraft)<\/p>\n<\/div>\n\n\n\n<div class=\"wp-block-column is-layout-flow wp-block-column-is-layout-flow\">\n<h3 class=\"wp-block-heading has-palette-color-4-color has-text-color\"><strong>Corporate and Company Law<\/strong><\/h3>\n\n\n\n<p>Formation of corporations, e.g. GmbH, AG, UG (limited liability company)<br>Foundation of Partnerships (GbR, KG, OHG)<br>Shareholders' meetings (amendments to the Articles of Association, capital measures)<br>Drafting of Company Agreements<br>Company Acquisition, M&amp;A<br>Venture Capital, Private Equity<br>Company Succession<br>Transformation law (merger, demerger, change of legal form)<br>Dissolution and liquidation of Companies<br>Applications to the Commercial Register and Register of Associations<\/p>\n<\/div>\n<\/div>\n\n\n\n<div style=\"height:60px\" aria-hidden=\"true\" class=\"wp-block-spacer\"><\/div>\n\n\n\n<div class=\"wp-block-columns is-layout-flex wp-container-core-columns-is-layout-28f84493 wp-block-columns-is-layout-flex\">\n<div class=\"wp-block-column is-layout-flow wp-block-column-is-layout-flow\">\n<h3 class=\"wp-block-heading has-palette-color-4-color has-text-color\"><strong>Wealth and Company Succession<\/strong><\/h3>\n\n\n\n<p>Real Estate Succession<br>Family Trusts<br>Company Succession<br>Foundations<\/p>\n<\/div>\n\n\n\n<div class=\"wp-block-column is-layout-flow wp-block-column-is-layout-flow\">\n<h3 class=\"wp-block-heading has-palette-color-4-color has-text-color\"><strong>Law of Succession<\/strong><\/h3>\n\n\n\n<p>Wills and Contracts of Succession<br>Erbrechtsberatungen in Sonderkonstellationen wie etwa Kinder mit Behinderung und Patchwork-Familien<br>Estate Settlements<br>Applications for certificates of inheritance<br>Inheritance Disbursements<\/p>\n<\/div>\n<\/div>\n\n\n\n<div style=\"height:60px\" aria-hidden=\"true\" class=\"wp-block-spacer\"><\/div>\n\n\n\n<div class=\"wp-block-columns is-layout-flex wp-container-core-columns-is-layout-28f84493 wp-block-columns-is-layout-flex\">\n<div class=\"wp-block-column is-layout-flow wp-block-column-is-layout-flow\">\n<h3 class=\"wp-block-heading has-palette-color-4-color has-text-color\"><strong>Family Law<\/strong><\/h3>\n\n\n\n<p>Marriage Contracts<br>Separation Agreements<br>Divorce Agreements<br>Adoptions<\/p>\n<\/div>\n\n\n\n<div class=\"wp-block-column is-layout-flow wp-block-column-is-layout-flow\">\n<h3 class=\"wp-block-heading has-palette-color-4-color has-text-color\"><strong>Precautionary Arrangements<\/strong><\/h3>\n\n\n\n<p>Health Care Proxy<br>Patient Directive<\/p>\n<\/div>\n<\/div>\n\n\n\n<div style=\"height:60px\" aria-hidden=\"true\" class=\"wp-block-spacer\"><\/div>","protected":false},"excerpt":{"rendered":"<p>LEISTUNGSSPEKTRUM Grundst\u00fccks- und Immobilienrecht Kaufvertr\u00e4geBautr\u00e4gervertr\u00e4geErschlie\u00dfungsvertr\u00e4ge, st\u00e4dtebauliche Vertr\u00e4ge\u00dcberlassungen, SchenkungenAufteilung in Wohnungseigentum (WEG)ErbbaurechteDienstbarkeiten (z. B. im Bereich erneuerbare Energien wie Photovoltaik und Windkraft) Gesellschafts- und Unternehmensrecht Gr\u00fcndung von Kapitalgesellschaften, z. B. GmbH, AG, UG (haftungsbeschr\u00e4nkt)Gr\u00fcndung von Personengesellschaften (GbR, KG, OHG)Gesellschafterversammlungen (Satzungs\u00e4nderungen, Kapitalma\u00dfnahmen)Gestaltung von Gesellschaftsvertr\u00e4genUnternehmenskauf, M&amp;ABeteiligungsvertr\u00e4ge, Private EquityUnternehmensnachfolgeUmwandlungsrecht (Verschmelzung, Spaltung, Formwechsel)Aufl\u00f6sung und LiquidationAnmeldungen zum Handels- und Vereinsregister Verm\u00f6gens-&hellip; <a class=\"continue\" href=\"https:\/\/notarin-leo16.de\/en\/leistungen-unseres-notariats-stephanie-pelzer\/\">weiterlesen<span> Services<\/span><\/a><\/p>","protected":false},"author":1,"featured_media":0,"parent":0,"menu_order":30,"comment_status":"closed","ping_status":"closed","template":"","meta":{"_acf_changed":false,"_vp_format_video_url":"","_vp_image_focal_point":[],"footnotes":""},"class_list":["post-749","page","type-page","status-publish","hentry"],"blocksy_meta":[],"acf":[],"yoast_head":"<!-- This site is optimized with the Yoast SEO plugin v27.5 - https:\/\/yoast.com\/product\/yoast-seo-wordpress\/ -->\n<title>Leistungen - Notarin Stephanie Pelzer in M\u00fcnchen-Schwabing<\/title>\n<meta name=\"description\" content=\"Unsere Kanzlei bietet notarielle Beglaubigungen, Beurkundungen &amp; Immobilien- sowie Familienrecht. Verl\u00e4sslich und rechtssicher \u2013 pers\u00f6nlich f\u00fcr Sie da.\" \/>\n<meta name=\"robots\" content=\"index, follow, max-snippet:-1, max-image-preview:large, max-video-preview:-1\" \/>\n<link rel=\"canonical\" href=\"https:\/\/notarin-leo16.de\/en\/leistungen-unseres-notariats-stephanie-pelzer\/\" \/>\n<meta property=\"og:locale\" content=\"en_GB\" \/>\n<meta property=\"og:type\" content=\"article\" \/>\n<meta property=\"og:title\" content=\"Leistungen - Notarin Stephanie Pelzer in M\u00fcnchen-Schwabing\" \/>\n<meta property=\"og:description\" content=\"Unsere Kanzlei bietet notarielle Beglaubigungen, Beurkundungen &amp; Immobilien- sowie Familienrecht. Verl\u00e4sslich und rechtssicher \u2013 pers\u00f6nlich f\u00fcr Sie da.\" \/>\n<meta property=\"og:url\" content=\"https:\/\/notarin-leo16.de\/en\/leistungen-unseres-notariats-stephanie-pelzer\/\" \/>\n<meta property=\"og:site_name\" content=\"Notarin Stephanie Pelzer in M\u00fcnchen-Schwabing\" \/>\n<meta property=\"article:modified_time\" content=\"2026-03-12T11:50:25+00:00\" \/>\n<meta property=\"og:image\" content=\"https:\/\/notarin-leo16.de\/wp-content\/uploads\/2023\/06\/Beurkundungsraum2_drthieledrsatzl0056.jpg\" \/>\n\t<meta property=\"og:image:width\" content=\"2500\" \/>\n\t<meta property=\"og:image:height\" content=\"1667\" \/>\n\t<meta property=\"og:image:type\" content=\"image\/jpeg\" \/>\n<meta name=\"twitter:card\" content=\"summary_large_image\" \/>\n<meta name=\"twitter:label1\" content=\"Estimated reading time\" \/>\n\t<meta name=\"twitter:data1\" content=\"1 minute\" \/>\n<script type=\"application\/ld+json\" class=\"yoast-schema-graph\">{\"@context\":\"https:\\\/\\\/schema.org\",\"@graph\":[{\"@type\":\"WebPage\",\"@id\":\"https:\\\/\\\/notarin-leo16.de\\\/leistungen-unseres-notariats-stephanie-pelzer\\\/\",\"url\":\"https:\\\/\\\/notarin-leo16.de\\\/leistungen-unseres-notariats-stephanie-pelzer\\\/\",\"name\":\"Leistungen - Notarin Stephanie Pelzer in M\u00fcnchen-Schwabing\",\"isPartOf\":{\"@id\":\"https:\\\/\\\/notarin-leo16.de\\\/#website\"},\"primaryImageOfPage\":{\"@id\":\"https:\\\/\\\/notarin-leo16.de\\\/leistungen-unseres-notariats-stephanie-pelzer\\\/#primaryimage\"},\"image\":{\"@id\":\"https:\\\/\\\/notarin-leo16.de\\\/leistungen-unseres-notariats-stephanie-pelzer\\\/#primaryimage\"},\"thumbnailUrl\":\"https:\\\/\\\/notarin-leo16.de\\\/wp-content\\\/uploads\\\/2023\\\/06\\\/Beurkundungsraum2_drthieledrsatzl0056.jpg\",\"datePublished\":\"2025-06-02T18:41:45+00:00\",\"dateModified\":\"2026-03-12T11:50:25+00:00\",\"description\":\"Unsere Kanzlei bietet notarielle Beglaubigungen, Beurkundungen & Immobilien- sowie Familienrecht. Verl\u00e4sslich und rechtssicher \u2013 pers\u00f6nlich f\u00fcr Sie da.\",\"breadcrumb\":{\"@id\":\"https:\\\/\\\/notarin-leo16.de\\\/leistungen-unseres-notariats-stephanie-pelzer\\\/#breadcrumb\"},\"inLanguage\":\"en-GB\",\"potentialAction\":[{\"@type\":\"ReadAction\",\"target\":[\"https:\\\/\\\/notarin-leo16.de\\\/leistungen-unseres-notariats-stephanie-pelzer\\\/\"]}]},{\"@type\":\"ImageObject\",\"inLanguage\":\"en-GB\",\"@id\":\"https:\\\/\\\/notarin-leo16.de\\\/leistungen-unseres-notariats-stephanie-pelzer\\\/#primaryimage\",\"url\":\"https:\\\/\\\/notarin-leo16.de\\\/wp-content\\\/uploads\\\/2023\\\/06\\\/Beurkundungsraum2_drthieledrsatzl0056.jpg\",\"contentUrl\":\"https:\\\/\\\/notarin-leo16.de\\\/wp-content\\\/uploads\\\/2023\\\/06\\\/Beurkundungsraum2_drthieledrsatzl0056.jpg\"},{\"@type\":\"BreadcrumbList\",\"@id\":\"https:\\\/\\\/notarin-leo16.de\\\/leistungen-unseres-notariats-stephanie-pelzer\\\/#breadcrumb\",\"itemListElement\":[{\"@type\":\"ListItem\",\"position\":1,\"name\":\"Startseite\",\"item\":\"https:\\\/\\\/notarin-leo16.de\\\/\"},{\"@type\":\"ListItem\",\"position\":2,\"name\":\"Leistungen\"}]},{\"@type\":\"WebSite\",\"@id\":\"https:\\\/\\\/notarin-leo16.de\\\/#website\",\"url\":\"https:\\\/\\\/notarin-leo16.de\\\/\",\"name\":\"Herzlich Willkommen bei Ihrer Notarin Stephanie Pelzer in M\u00fcnchen-Schwabing.\",\"description\":\"Website von Notarin Stephanie Pelzer in M\u00fcnchen-Schwabing\",\"publisher\":{\"@id\":\"https:\\\/\\\/notarin-leo16.de\\\/#organization\"},\"alternateName\":\"Notarin Stephanie Pelzer\",\"potentialAction\":[{\"@type\":\"SearchAction\",\"target\":{\"@type\":\"EntryPoint\",\"urlTemplate\":\"https:\\\/\\\/notarin-leo16.de\\\/?s={search_term_string}\"},\"query-input\":{\"@type\":\"PropertyValueSpecification\",\"valueRequired\":true,\"valueName\":\"search_term_string\"}}],\"inLanguage\":\"en-GB\"},{\"@type\":\"Organization\",\"@id\":\"https:\\\/\\\/notarin-leo16.de\\\/#organization\",\"name\":\"Notarin Stephanie Pelzer\",\"url\":\"https:\\\/\\\/notarin-leo16.de\\\/\",\"logo\":{\"@type\":\"ImageObject\",\"inLanguage\":\"en-GB\",\"@id\":\"https:\\\/\\\/notarin-leo16.de\\\/#\\\/schema\\\/logo\\\/image\\\/\",\"url\":\"https:\\\/\\\/notarin-leo16.de\\\/wp-content\\\/uploads\\\/2025\\\/05\\\/SP_Logo_web_2-Kopie.png\",\"contentUrl\":\"https:\\\/\\\/notarin-leo16.de\\\/wp-content\\\/uploads\\\/2025\\\/05\\\/SP_Logo_web_2-Kopie.png\",\"width\":1241,\"height\":318,\"caption\":\"Notarin Stephanie Pelzer\"},\"image\":{\"@id\":\"https:\\\/\\\/notarin-leo16.de\\\/#\\\/schema\\\/logo\\\/image\\\/\"}}]}<\/script>\n<!-- \/ Yoast SEO plugin. -->","yoast_head_json":{"title":"Leistungen - Notarin Stephanie Pelzer in M\u00fcnchen-Schwabing","description":"Unsere Kanzlei bietet notarielle Beglaubigungen, Beurkundungen & Immobilien- sowie Familienrecht. Verl\u00e4sslich und rechtssicher \u2013 pers\u00f6nlich f\u00fcr Sie da.","robots":{"index":"index","follow":"follow","max-snippet":"max-snippet:-1","max-image-preview":"max-image-preview:large","max-video-preview":"max-video-preview:-1"},"canonical":"https:\/\/notarin-leo16.de\/en\/leistungen-unseres-notariats-stephanie-pelzer\/","og_locale":"en_GB","og_type":"article","og_title":"Leistungen - Notarin Stephanie Pelzer in M\u00fcnchen-Schwabing","og_description":"Unsere Kanzlei bietet notarielle Beglaubigungen, Beurkundungen & Immobilien- sowie Familienrecht. Verl\u00e4sslich und rechtssicher \u2013 pers\u00f6nlich f\u00fcr Sie da.","og_url":"https:\/\/notarin-leo16.de\/en\/leistungen-unseres-notariats-stephanie-pelzer\/","og_site_name":"Notarin Stephanie Pelzer in M\u00fcnchen-Schwabing","article_modified_time":"2026-03-12T11:50:25+00:00","og_image":[{"width":2500,"height":1667,"url":"https:\/\/notarin-leo16.de\/wp-content\/uploads\/2023\/06\/Beurkundungsraum2_drthieledrsatzl0056.jpg","type":"image\/jpeg"}],"twitter_card":"summary_large_image","twitter_misc":{"Estimated reading time":"1 minute"},"schema":{"@context":"https:\/\/schema.org","@graph":[{"@type":"WebPage","@id":"https:\/\/notarin-leo16.de\/leistungen-unseres-notariats-stephanie-pelzer\/","url":"https:\/\/notarin-leo16.de\/leistungen-unseres-notariats-stephanie-pelzer\/","name":"Leistungen - Notarin Stephanie Pelzer in M\u00fcnchen-Schwabing","isPartOf":{"@id":"https:\/\/notarin-leo16.de\/#website"},"primaryImageOfPage":{"@id":"https:\/\/notarin-leo16.de\/leistungen-unseres-notariats-stephanie-pelzer\/#primaryimage"},"image":{"@id":"https:\/\/notarin-leo16.de\/leistungen-unseres-notariats-stephanie-pelzer\/#primaryimage"},"thumbnailUrl":"https:\/\/notarin-leo16.de\/wp-content\/uploads\/2023\/06\/Beurkundungsraum2_drthieledrsatzl0056.jpg","datePublished":"2025-06-02T18:41:45+00:00","dateModified":"2026-03-12T11:50:25+00:00","description":"Unsere Kanzlei bietet notarielle Beglaubigungen, Beurkundungen & Immobilien- sowie Familienrecht. Verl\u00e4sslich und rechtssicher \u2013 pers\u00f6nlich f\u00fcr Sie da.","breadcrumb":{"@id":"https:\/\/notarin-leo16.de\/leistungen-unseres-notariats-stephanie-pelzer\/#breadcrumb"},"inLanguage":"en-GB","potentialAction":[{"@type":"ReadAction","target":["https:\/\/notarin-leo16.de\/leistungen-unseres-notariats-stephanie-pelzer\/"]}]},{"@type":"ImageObject","inLanguage":"en-GB","@id":"https:\/\/notarin-leo16.de\/leistungen-unseres-notariats-stephanie-pelzer\/#primaryimage","url":"https:\/\/notarin-leo16.de\/wp-content\/uploads\/2023\/06\/Beurkundungsraum2_drthieledrsatzl0056.jpg","contentUrl":"https:\/\/notarin-leo16.de\/wp-content\/uploads\/2023\/06\/Beurkundungsraum2_drthieledrsatzl0056.jpg"},{"@type":"BreadcrumbList","@id":"https:\/\/notarin-leo16.de\/leistungen-unseres-notariats-stephanie-pelzer\/#breadcrumb","itemListElement":[{"@type":"ListItem","position":1,"name":"Startseite","item":"https:\/\/notarin-leo16.de\/"},{"@type":"ListItem","position":2,"name":"Leistungen"}]},{"@type":"WebSite","@id":"https:\/\/notarin-leo16.de\/#website","url":"https:\/\/notarin-leo16.de\/","name":"Herzlich Willkommen bei Ihrer Notarin Stephanie Pelzer in M\u00fcnchen-Schwabing.","description":"Website von Notarin Stephanie Pelzer in M\u00fcnchen-Schwabing","publisher":{"@id":"https:\/\/notarin-leo16.de\/#organization"},"alternateName":"Notarin Stephanie Pelzer","potentialAction":[{"@type":"SearchAction","target":{"@type":"EntryPoint","urlTemplate":"https:\/\/notarin-leo16.de\/?s={search_term_string}"},"query-input":{"@type":"PropertyValueSpecification","valueRequired":true,"valueName":"search_term_string"}}],"inLanguage":"en-GB"},{"@type":"Organization","@id":"https:\/\/notarin-leo16.de\/#organization","name":"Notarin Stephanie Pelzer","url":"https:\/\/notarin-leo16.de\/","logo":{"@type":"ImageObject","inLanguage":"en-GB","@id":"https:\/\/notarin-leo16.de\/#\/schema\/logo\/image\/","url":"https:\/\/notarin-leo16.de\/wp-content\/uploads\/2025\/05\/SP_Logo_web_2-Kopie.png","contentUrl":"https:\/\/notarin-leo16.de\/wp-content\/uploads\/2025\/05\/SP_Logo_web_2-Kopie.png","width":1241,"height":318,"caption":"Notarin Stephanie Pelzer"},"image":{"@id":"https:\/\/notarin-leo16.de\/#\/schema\/logo\/image\/"}}]}},"_links":{"self":[{"href":"https:\/\/notarin-leo16.de\/en\/wp-json\/wp\/v2\/pages\/749","targetHints":{"allow":["GET"]}}],"collection":[{"href":"https:\/\/notarin-leo16.de\/en\/wp-json\/wp\/v2\/pages"}],"about":[{"href":"https:\/\/notarin-leo16.de\/en\/wp-json\/wp\/v2\/types\/page"}],"author":[{"embeddable":true,"href":"https:\/\/notarin-leo16.de\/en\/wp-json\/wp\/v2\/users\/1"}],"replies":[{"embeddable":true,"href":"https:\/\/notarin-leo16.de\/en\/wp-json\/wp\/v2\/comments?post=749"}],"version-history":[{"count":2,"href":"https:\/\/notarin-leo16.de\/en\/wp-json\/wp\/v2\/pages\/749\/revisions"}],"predecessor-version":[{"id":1134,"href":"https:\/\/notarin-leo16.de\/en\/wp-json\/wp\/v2\/pages\/749\/revisions\/1134"}],"wp:attachment":[{"href":"https:\/\/notarin-leo16.de\/en\/wp-json\/wp\/v2\/media?parent=749"}],"curies":[{"name":"wp","href":"https:\/\/api.w.org\/{rel}","templated":true}]}}